{"id":19,"date":"2014-03-07T23:16:22","date_gmt":"2014-03-07T23:16:22","guid":{"rendered":"http:\/\/agence-epoke.fr\/OK\/?page_id=19"},"modified":"2022-06-07T14:21:04","modified_gmt":"2022-06-07T13:21:04","slug":"contact","status":"publish","type":"page","link":"http:\/\/agence-epoke.fr\/OK\/?page_id=19","title":{"rendered":"Contact"},"content":{"rendered":"<section  ><div class=\"section-container\">\n<div class=\"to-spacer \" style=\"height:50px\"><\/div>\n<div class=\"col col-12  col-last txt-center \"  style=\"background: light\">\n<h2 class=\"txt-center\" >\n<i class=\"to-icon icon-et-map-pin fa-3x     pull-left \"  style=\"color:#e75113;\"  data-color=\"#e75113\"><i class=\"to-icon-overlay\"  ><\/i><\/i>Contactez-nous<br \/>\n<\/h2>\n<\/div><div class=\"clear\"><\/div>\n<div class=\"to-spacer \" style=\"height:35px\"><\/div>\n<div class=\"col col-8 txt-left \"  >\n<div class=\"to-spacer \" style=\"height:20px\"><\/div>\n<div role=\"form\" class=\"wpcf7\" id=\"wpcf7-f83-o1\" lang=\"fr-FR\" dir=\"ltr\">\n<div class=\"screen-reader-response\"><p role=\"status\" aria-live=\"polite\" aria-atomic=\"true\"><\/p> <ul><\/ul><\/div>\n<form action=\"\/OK\/index.php?rest_route=%2Fwp%2Fv2%2Fpages%2F19#wpcf7-f83-o1\" method=\"post\" class=\"wpcf7-form init\" novalidate=\"novalidate\" data-status=\"init\">\n<div style=\"display: none;\">\n<input type=\"hidden\" name=\"_wpcf7\" value=\"83\" \/>\n<input type=\"hidden\" name=\"_wpcf7_version\" value=\"5.5.6.1\" \/>\n<input type=\"hidden\" name=\"_wpcf7_locale\" value=\"fr_FR\" \/>\n<input type=\"hidden\" name=\"_wpcf7_unit_tag\" value=\"wpcf7-f83-o1\" \/>\n<input type=\"hidden\" name=\"_wpcf7_container_post\" value=\"0\" \/>\n<input type=\"hidden\" name=\"_wpcf7_posted_data_hash\" value=\"\" \/>\n<input type=\"hidden\" name=\"_wpcf7_recaptcha_response\" value=\"\" \/>\n<\/div>\n<p>Votre nom (obligatoire)<br \/>\n    <span class=\"wpcf7-form-control-wrap your-name\"><input type=\"text\" name=\"your-name\" value=\"\" size=\"40\" class=\"wpcf7-form-control wpcf7-text wpcf7-validates-as-required\" aria-required=\"true\" aria-invalid=\"false\" \/><\/span> <\/p>\n<p>Votre email (obligatoire)<br \/>\n    <span class=\"wpcf7-form-control-wrap your-email\"><input type=\"email\" name=\"your-email\" value=\"\" size=\"40\" class=\"wpcf7-form-control wpcf7-text wpcf7-email wpcf7-validates-as-required wpcf7-validates-as-email\" aria-required=\"true\" aria-invalid=\"false\" \/><\/span> <\/p>\n<p>Sujet<br \/>\n    <span class=\"wpcf7-form-control-wrap your-subject\"><input type=\"text\" name=\"your-subject\" value=\"\" size=\"40\" class=\"wpcf7-form-control wpcf7-text\" aria-invalid=\"false\" \/><\/span> <\/p>\n<p>Votre message<br \/>\n    <span class=\"wpcf7-form-control-wrap your-message\"><textarea name=\"your-message\" cols=\"40\" rows=\"10\" class=\"wpcf7-form-control wpcf7-textarea\" aria-invalid=\"false\"><\/textarea><\/span> <\/p>\n<p><input type=\"submit\" value=\"Envoyer\" class=\"wpcf7-form-control has-spinner wpcf7-submit\" \/><\/p>\n<div class=\"wpcf7-response-output\" aria-hidden=\"true\"><\/div><\/form><\/div><br \/>\n<\/div>\n<div class=\"col col-4  col-last txt-left \"  >\n<h3>Situation<\/h3>\n<p>L&rsquo;agence epoke est situ\u00e9 \u00e0 Vitr\u00e9, au centre de l&rsquo;axe Rennes\/Laval, et poss\u00e8de un champ d&rsquo;action large puisque nous intervenons sur toute la France.<br \/>\n<div class=\"to-spacer \" style=\"height:20px\"><\/div>\n<h3>Information<\/h3>\n<p>Besoin d&rsquo;un conseil, d&rsquo;une rencontre, d&rsquo;un devis, contactez-nous d\u00e8s \u00e0 pr\u00e9sent, nous nous efforcerons de revenir vers vous d\u00e8s que possible.<br \/>\n<div class=\"col col-6 txt-left \"  >\n<p>Adresse :<br \/>\n31 Bd des Rochers<br \/>\n35500 Vitr\u00e9<br \/>\n___________________<\/p>\n<p>9 rue Jean Legatelois<br \/>\n35400 Saint-Malo<\/p>\n<\/div>\n<div class=\"col col-6  col-last txt-left \"  >\n<p>T\u00e9l. : 02 57 99 00 10<br \/>\nEmail: info@agence-epoke.fr<br \/>\n<\/div><div class=\"clear\"><\/div>\n<\/div><div class=\"clear\"><\/div>\n<div class=\"to-spacer \" style=\"height:35px\"><\/div>\n<\/div><\/section>\n","protected":false},"excerpt":{"rendered":"Contactez-nous Votre nom (obligatoire) Votre email (obligatoire) Sujet Votre message Situation L'agence epoke est situ\u00e9 \u00e0 Vitr\u00e9, au centre de l'axe Rennes\/Laval, et poss\u00e8de un champ d'action large puisque nous intervenons sur toute la France. Information Besoin d'un conseil, d'une rencontre, d'un devis, contactez-nous d\u00e8s \u00e0 pr\u00e9sent, nous nous efforcerons de revenir vers vous d\u00e8s que possible. Adresse : 31 Bd des Rochers 35500 Vitr\u00e9 ___________________ 9 rue Jean Legatelois 35400 Saint-Malo T\u00e9l. : 02 57 99 00 10 Email: info@agence-epoke.fr","protected":false},"author":1,"featured_media":0,"parent":0,"menu_order":0,"comment_status":"open","ping_status":"open","template":"template-contact.php","meta":[],"_links":{"self":[{"href":"http:\/\/agence-epoke.fr\/OK\/index.php?rest_route=\/wp\/v2\/pages\/19"}],"collection":[{"href":"http:\/\/agence-epoke.fr\/OK\/index.php?rest_route=\/wp\/v2\/pages"}],"about":[{"href":"http:\/\/agence-epoke.fr\/OK\/index.php?rest_route=\/wp\/v2\/types\/page"}],"author":[{"embeddable":true,"href":"http:\/\/agence-epoke.fr\/OK\/index.php?rest_route=\/wp\/v2\/users\/1"}],"replies":[{"embeddable":true,"href":"http:\/\/agence-epoke.fr\/OK\/index.php?rest_route=%2Fwp%2Fv2%2Fcomments&post=19"}],"version-history":[{"count":5,"href":"http:\/\/agence-epoke.fr\/OK\/index.php?rest_route=\/wp\/v2\/pages\/19\/revisions"}],"predecessor-version":[{"id":4003,"href":"http:\/\/agence-epoke.fr\/OK\/index.php?rest_route=\/wp\/v2\/pages\/19\/revisions\/4003"}],"wp:attachment":[{"href":"http:\/\/agence-epoke.fr\/OK\/index.php?rest_route=%2Fwp%2Fv2%2Fmedia&parent=19"}],"curies":[{"name":"wp","href":"https:\/\/api.w.org\/{rel}","templated":true}]}}