{"id":27,"date":"2014-06-01T11:08:04","date_gmt":"2014-06-01T10:08:04","guid":{"rendered":"http:\/\/agence-epoke.fr\/OK\/?page_id=27"},"modified":"2016-03-09T11:29:47","modified_gmt":"2016-03-09T10:29:47","slug":"home","status":"publish","type":"page","link":"http:\/\/agence-epoke.fr\/OK\/","title":{"rendered":"ACCUEIL"},"content":{"rendered":"<div class=\"   vc_row wpb_row vc_row-fluid vc_custom_1423767334415  \" style=\"padding-top: 80px !important;padding-bottom: 0px !important;\" ><div class=\"section-container\">\n\t<div class=\"vc_col-sm-12 wpb_column vc_column_container   \"  >\n\t\t<div class=\"wpb_wrapper\">\n\t\t\t<h2 class=\"txt-center\" >L&rsquo;agence dans les grandes lignes &#8230;<\/h2><div class=\"   vc_row wpb_row vc_inner vc_row-fluid  \"  ><div class=\"section-container\"><\/div><\/div>\n\t<div class=\"vc_col-sm-4 wpb_column vc_column_container    vc_custom_1423768520706\" style=\"padding-right: 16px !important;padding-bottom: 45px !important;padding-left: 0px !important;\" >\n\t\t<div class=\"wpb_wrapper\">\n\t\t\t\n\t\t<\/div> \n\t<\/div> \n<div class=\"to-spacer \" style=\"height:20px\"><\/div><div class=\"col col-4  has-anim txt-left \" data-anim=\"from-left\" data-delay=\"300\" ><div  class=\"to-icon-box  left txt-left\"><i class=\"to-icon devices-iphone-mac fa-4x   \"  style=\"color:#e75113;\"  data-color=\"#e75113\"><i class=\"to-icon-overlay\"  ><\/i><\/i><div class=\"to-icon-txt fa-4x-txt \"><h3>100% R\u00e9active<\/h3><p>R\u00e9activit\u00e9 concurentielle : epoke s&rsquo;attache \u00e0 ma\u00eetriser son flux de production et favoriser ainsi l&rsquo;impr\u00e9vu.<\/p><\/div><\/div><\/div><div class=\"col col-4  has-anim txt-left \" data-anim=\"from-top\" data-delay=\"300\" ><div  class=\"to-icon-box  left txt-left\"><i class=\"to-icon devices-iphone-tick fa-4x   \"  style=\"color:#e75113;\"  data-color=\"#e75113\"><i class=\"to-icon-overlay\"  ><\/i><\/i><div class=\"to-icon-txt fa-4x-txt \"><h3>Curieuse et impliqu\u00e9e<\/h3><p>R\u00e9unir tout les moyens pour r\u00e9pondre aux attentes, m\u00eame les plus exigeantes.<\/p><\/div><\/div><\/div><div class=\"col col-4  has-anim  col-last txt-left \" data-anim=\"from-right\" data-delay=\"300\" ><div  class=\"to-icon-box  left txt-left\"><i class=\"to-icon general-paint-roller fa-4x   \"  style=\"color:#e75113;\"  data-color=\"#e75113\"><i class=\"to-icon-overlay\"  ><\/i><\/i><div class=\"to-icon-txt fa-4x-txt \"><h3>Audacieuse et toujours \u00e0 l'\u00e9coute<\/h3><p>Comprendre et d\u00e9finir votre image avec toute la singularit\u00e9 qui la caract\u00e9rise.<\/p><\/div><\/div><\/div><div class=\"clear\"><\/div><div class=\"col col-4  has-anim txt-left \" data-anim=\"from-left\" data-delay=\"300\" >\n<div  class=\"to-icon-box  left txt-left\"><i class=\"to-icon general-paw-print fa-4x   \"  style=\"color:#e75113;\"  data-color=\"#e75113\"><i class=\"to-icon-overlay\"  ><\/i><\/i><div class=\"to-icon-txt fa-4x-txt \"><h3>Performances et innovations<\/h3><p>\u00c0 l&rsquo;affut des nouveaut\u00e9s Print et Digital, epoke s&rsquo;efforce de proposer de nouvelles strat\u00e9gies de communication.<\/p><\/div><\/div><\/div><div class=\"col col-4  has-anim txt-left \" data-anim=\"from-bottom\" data-delay=\"300\" >\n<div  class=\"to-icon-box  left txt-left\"><i class=\"to-icon general-jewel fa-4x   \"  style=\"color:#e75113;\"  data-color=\"#e75113\"><i class=\"to-icon-overlay\"  ><\/i><\/i><div class=\"to-icon-txt fa-4x-txt \"><h3>Un r\u00e9seau de cr\u00e9atifs sp\u00e9cialis\u00e9s<\/h3><p>Compl\u00e9ter l&rsquo;offre par une\u00a0compl\u00e9mentarit\u00e9 de services sp\u00e9cifiques (Vid\u00e9o, 3D, illustration)\u00a0.<\/p><\/div><\/div>\n<\/div><div class=\"col col-4  has-anim  col-last txt-left \" data-anim=\"from-right\" data-delay=\"300\" ><div  class=\"to-icon-box  left txt-left\"><i class=\"to-icon general-cogs fa-4x   \"  style=\"color:#e75113;\"  data-color=\"#e75113\"><i class=\"to-icon-overlay\"  ><\/i><\/i><div class=\"to-icon-txt fa-4x-txt \"><h3>Un h\u00e9ritage culturel<\/h3><p>Am\u00e9liorer nos environnements visuels et produire de l&rsquo;utile autant que de l&rsquo;agr\u00e9able.<\/p><\/div><\/div><\/div><div class=\"clear\"><\/div><span class=\"s1\">\n\t\t<\/div> \n\t<\/div> \n<\/span><span class=\"s1\"><\/div><\/div><\/span><\/p>\n<p class=\"p1\">\u00a0<span class=\"s1\"><div class=\"  dark vc_row wpb_row vc_row-fluid vc_custom_1423596279994 txt-left \" style=\"padding-top: 00px !important;padding-bottom: 00px !important;background-color: #ededed !important;\" ><div class=\"section-container\"><\/span><\/p>\n<p><\/div><\/div>\n","protected":false},"excerpt":{"rendered":"<p>\u00a0<\/p>\n","protected":false},"author":1,"featured_media":0,"parent":0,"menu_order":0,"comment_status":"open","ping_status":"open","template":"","meta":[],"_links":{"self":[{"href":"http:\/\/agence-epoke.fr\/OK\/index.php?rest_route=\/wp\/v2\/pages\/27"}],"collection":[{"href":"http:\/\/agence-epoke.fr\/OK\/index.php?rest_route=\/wp\/v2\/pages"}],"about":[{"href":"http:\/\/agence-epoke.fr\/OK\/index.php?rest_route=\/wp\/v2\/types\/page"}],"author":[{"embeddable":true,"href":"http:\/\/agence-epoke.fr\/OK\/index.php?rest_route=\/wp\/v2\/users\/1"}],"replies":[{"embeddable":true,"href":"http:\/\/agence-epoke.fr\/OK\/index.php?rest_route=%2Fwp%2Fv2%2Fcomments&post=27"}],"version-history":[{"count":58,"href":"http:\/\/agence-epoke.fr\/OK\/index.php?rest_route=\/wp\/v2\/pages\/27\/revisions"}],"predecessor-version":[{"id":3680,"href":"http:\/\/agence-epoke.fr\/OK\/index.php?rest_route=\/wp\/v2\/pages\/27\/revisions\/3680"}],"wp:attachment":[{"href":"http:\/\/agence-epoke.fr\/OK\/index.php?rest_route=%2Fwp%2Fv2%2Fmedia&parent=27"}],"curies":[{"name":"wp","href":"https:\/\/api.w.org\/{rel}","templated":true}]}}