{"id":29,"date":"2014-06-19T19:02:49","date_gmt":"2014-06-19T18:02:49","guid":{"rendered":"http:\/\/agence-epoke.fr\/OK\/?page_id=29"},"modified":"2022-06-07T16:07:21","modified_gmt":"2022-06-07T15:07:21","slug":"about-us","status":"publish","type":"page","link":"http:\/\/agence-epoke.fr\/OK\/?page_id=29","title":{"rendered":"L&rsquo;agence"},"content":{"rendered":"<section style=\"background:#ededed\" class=\"dark\"><div class=\"section-container\">\n<div class=\"col col-12  col-last txt-center \"  style=\"background: light\">\n<div class=\"to-spacer \" style=\"height:85px\"><\/div>\n<i class=\"to-icon icon-et-anchor fa-4x    \"  style=\"color:#e75113;\"  data-color=\"#e75113\"><i class=\"to-icon-overlay\"  ><\/i><\/i>\u00a0\u00a0\u00a0\u00a0\u00a0\u00a0<i class=\"to-icon icon-et-tools fa-4x    \"  style=\"color:#e75113;\"  data-color=\"#e75113\"><i class=\"to-icon-overlay\"  ><\/i><\/i>\u00a0\u00a0\u00a0\u00a0\u00a0\u00a0<i class=\"to-icon icon-et-compass fa-4x    \"  style=\"color:#e75113;\"  data-color=\"#e75113\"><i class=\"to-icon-overlay\"  ><\/i><\/i>\n<h2 class=\"txt-center\" >Qui sommes nous &#8230;<\/h2><span class=\"subtitle txt-center h2\" >L'agence epoke est sp\u00e9cialis\u00e9e dans le <strong>design graphique<\/strong>, et travaille directement \u00e0 vos c\u00f4t\u00e9s pour <strong>unifier et rafra\u00eechir votre communication visuelle<\/strong>.<\/span>\n<div class=\"to-accordion-holder clearfix\"><h5 class=\"to-accordion-title\"><i class=\"devices-camera to-accordion-icon\" style=\"color:#e75113\"><\/i>L'histoire de l'Agence<span class=\"to-accordion-open\"><i class=\"icon-to-plus accentColorHover\"><\/i><\/span><\/h5><div class=\"to-accordion-content\" >\n<p>Anciennement appel\u00e9e studio creatys, elle a \u00e9t\u00e9 cr\u00e9\u00e9e en 2004 \u00e0 Vitr\u00e9 (Bretagne, Ille-et-Vilaine) par Philippe M\u00e9haignerie. Depuis 2012 elle r\u00e9unit 3 concepteurs designers de formations compl\u00e9mentaires et d\u2019influences graphiques diverses : Anne-Claire, Philippe et Ronan.<\/p>\n<\/div><\/div>\n<div class=\"to-spacer \" style=\"height:20px\"><\/div>\n<\/div><div class=\"clear\"><\/div>\n<div class=\"col col-4 txt-left col-padding\"  >\n<div class=\"to-member-box\"><div class=\"to-member-box-holder\"><div style=\"background-image:url(http:\/\/agence-epoke.fr\/OK\/wp-content\/themes\/mobius\/includes\/demo-installer\/images\/philippe3.jpg)\" class=\"team-member-box-image\"><\/div><div class=\"to-member-box-overlay\"><\/div><div class=\"to-member-box-content\"><h3 class=\"to-member-box-name\">Philippe M\u00e9haignerie<\/h3><p class=\"to-member-box-position\">Dirigeant<\/p><\/div><ul class=\"to-member-box-social\"><\/ul><\/div><\/div>\n<\/div>\n<div class=\"col col-4  col-last txt-left col-padding\"  >\n<div class=\"to-member-box\"><div class=\"to-member-box-holder\"><div style=\"background-image:url(http:\/\/agence-epoke.fr\/OK\/wp-content\/themes\/mobius\/includes\/demo-installer\/images\/ronan3.jpg)\" class=\"team-member-box-image\"><\/div><div class=\"to-member-box-overlay\"><\/div><div class=\"to-member-box-content\"><h3 class=\"to-member-box-name\">Ronan Frangeul<\/h3><p class=\"to-member-box-position\">Graphiste \/ Designer<\/p><\/div><ul class=\"to-member-box-social\"><\/ul><\/div><\/div>\n<\/div><div class=\"clear-padding\"><\/div>\n<\/div><\/section>\n<section style=\"background:#363635\" class=\"dark\"><div class=\"section-container\">\n<div class=\"to-spacer \" style=\"height:50px\"><\/div>\n<div class=\"to-clients-carousel grey\" data-auto-play=\"2000\" data-items=\"5\" data-items-desktop=\"[1300,5]\" data-items-desktop-small=\"[1000,4]\" data-items-tablet=\"[690,2]\" data-items-mobile=\"[480,2]\" data-pagination=\"true\" data-navigation=\"true\">\n<div class=\"to-client\"><img src=\"http:\/\/agence-epoke.fr\/OK\/wp-content\/themes\/mobius\/includes\/clientsold\/1.png\" alt=\"\"><\/div>\n<div class=\"to-client\"><img src=\"http:\/\/agence-epoke.fr\/OK\/wp-content\/themes\/mobius\/includes\/clientsold\/2.png\" alt=\"\"><\/div>\n<div class=\"to-client\"><img src=\"http:\/\/agence-epoke.fr\/OK\/wp-content\/themes\/mobius\/includes\/clientsold\/3.png\" alt=\"\"><\/div>\n<div class=\"to-client\"><img src=\"http:\/\/agence-epoke.fr\/OK\/wp-content\/themes\/mobius\/includes\/clientsold\/4.png\" alt=\"\"><\/div>\n<div class=\"to-client\"><img src=\"http:\/\/agence-epoke.fr\/OK\/wp-content\/themes\/mobius\/includes\/clientsold\/5.png\" alt=\"\"><\/div>\n<div class=\"to-client\"><img src=\"http:\/\/agence-epoke.fr\/OK\/wp-content\/themes\/mobius\/includes\/clientsold\/6.png\" alt=\"\"><\/div>\n<div class=\"to-client\"><img src=\"http:\/\/agence-epoke.fr\/OK\/wp-content\/themes\/mobius\/includes\/clientsold\/7.png\" alt=\"\"><\/div>\n<div class=\"to-client\"><img src=\"http:\/\/agence-epoke.fr\/OK\/wp-content\/themes\/mobius\/includes\/clientsold\/8.png\" alt=\"\"><\/div>\n<div class=\"to-client\"><img src=\"http:\/\/agence-epoke.fr\/OK\/wp-content\/themes\/mobius\/includes\/clientsold\/9.png\" alt=\"\"><\/div>\n<div class=\"to-client\"><img src=\"http:\/\/agence-epoke.fr\/OK\/wp-content\/themes\/mobius\/includes\/clientsold\/10.png\" alt=\"\"><\/div>\n<div class=\"to-client\"><img src=\"http:\/\/agence-epoke.fr\/OK\/wp-content\/themes\/mobius\/includes\/clientsold\/11.png\" alt=\"\"><\/div>\n<div class=\"to-client\"><img src=\"http:\/\/agence-epoke.fr\/OK\/wp-content\/themes\/mobius\/includes\/clientsold\/12.png\" alt=\"\"><\/div>\n<div class=\"to-client\"><img src=\"http:\/\/agence-epoke.fr\/OK\/wp-content\/themes\/mobius\/includes\/clientsold\/13.png\" alt=\"\"><\/div>\n<div class=\"to-client\"><img src=\"http:\/\/agence-epoke.fr\/OK\/wp-content\/themes\/mobius\/includes\/clientsold\/14.png\" alt=\"\"><\/div>\n<div class=\"to-client\"><img src=\"http:\/\/agence-epoke.fr\/OK\/wp-content\/themes\/mobius\/includes\/clientsold\/15.png\" alt=\"\"><\/div>\n<div class=\"to-client\"><img src=\"http:\/\/agence-epoke.fr\/OK\/wp-content\/themes\/mobius\/includes\/clientsold\/16.png\" alt=\"\"><\/div>\n<div class=\"to-client\"><img src=\"http:\/\/agence-epoke.fr\/OK\/wp-content\/themes\/mobius\/includes\/clientsold\/17.png\" alt=\"\"><\/div>\n<div class=\"to-client\"><img src=\"http:\/\/agence-epoke.fr\/OK\/wp-content\/themes\/mobius\/includes\/clientsold\/18.png\" alt=\"\"><\/div>\n<div class=\"to-client\"><img src=\"http:\/\/agence-epoke.fr\/OK\/wp-content\/themes\/mobius\/includes\/clientsold\/19.png\" alt=\"\"><\/div>\n<div class=\"to-client\"><img src=\"http:\/\/agence-epoke.fr\/OK\/wp-content\/themes\/mobius\/includes\/clientsold\/20.png\" alt=\"\"><\/div>\n<div class=\"to-client\"><img src=\"http:\/\/agence-epoke.fr\/OK\/wp-content\/themes\/mobius\/includes\/clientsold\/21.png\" alt=\"\"><\/div>\n<div class=\"to-client\"><img src=\"http:\/\/agence-epoke.fr\/OK\/wp-content\/themes\/mobius\/includes\/clientsold\/22.png\" alt=\"\"><\/div>\n<div class=\"to-client\"><img src=\"http:\/\/agence-epoke.fr\/OK\/wp-content\/themes\/mobius\/includes\/clientsold\/23.png\" alt=\"\"><\/div>\n<div class=\"to-client\"><img src=\"http:\/\/agence-epoke.fr\/OK\/wp-content\/themes\/mobius\/includes\/clientsold\/24.png\" alt=\"\"><\/div>\n<div class=\"to-client\"><img src=\"http:\/\/agence-epoke.fr\/OK\/wp-content\/themes\/mobius\/includes\/clientsold\/25.png\" alt=\"\"><\/div>\n<div class=\"to-client\"><img src=\"http:\/\/agence-epoke.fr\/OK\/wp-content\/themes\/mobius\/includes\/clientsold\/26.png\" alt=\"\"><\/div>\n<div class=\"to-client\"><img src=\"http:\/\/agence-epoke.fr\/OK\/wp-content\/themes\/mobius\/includes\/clientsold\/27.png\" alt=\"\"><\/div>\n<div class=\"to-client\"><img src=\"http:\/\/agence-epoke.fr\/OK\/wp-content\/themes\/mobius\/includes\/clientsold\/28.png\" alt=\"\"><\/div>\n<div class=\"to-client\"><img src=\"http:\/\/agence-epoke.fr\/OK\/wp-content\/themes\/mobius\/includes\/clientsold\/29.png\" alt=\"\"><\/div>\n<div class=\"to-client\"><img src=\"http:\/\/agence-epoke.fr\/OK\/wp-content\/themes\/mobius\/includes\/clientsold\/30.png\" alt=\"\"><\/div>\n<div class=\"to-client\"><img src=\"http:\/\/agence-epoke.fr\/OK\/wp-content\/themes\/mobius\/includes\/clientsold\/31.png\" alt=\"\"><\/div>\n<div class=\"to-client\"><img src=\"http:\/\/agence-epoke.fr\/OK\/wp-content\/themes\/mobius\/includes\/clientsold\/32.png\" alt=\"\"><\/div>\n<div class=\"to-client\"><img src=\"http:\/\/agence-epoke.fr\/OK\/wp-content\/themes\/mobius\/includes\/clientsold\/33.png\" alt=\"\"><\/div>\n<div class=\"to-client\"><img src=\"http:\/\/agence-epoke.fr\/OK\/wp-content\/themes\/mobius\/includes\/clientsold\/34.png\" alt=\"\"><\/div>\n<div class=\"to-client\"><img src=\"http:\/\/agence-epoke.fr\/OK\/wp-content\/themes\/mobius\/includes\/clientsold\/35.png\" alt=\"\"><\/div>\n<div class=\"to-client\"><img src=\"http:\/\/agence-epoke.fr\/OK\/wp-content\/themes\/mobius\/includes\/clientsold\/36.png\" alt=\"\"><\/div>\n<div class=\"to-client\"><img src=\"http:\/\/agence-epoke.fr\/OK\/wp-content\/themes\/mobius\/includes\/clientsold\/37.png\" alt=\"\"><\/div>\n<div class=\"to-client\"><img src=\"http:\/\/agence-epoke.fr\/OK\/wp-content\/themes\/mobius\/includes\/clientsold\/38.png\" alt=\"\"><\/div>\n<div class=\"to-client\"><img src=\"http:\/\/agence-epoke.fr\/OK\/wp-content\/themes\/mobius\/includes\/clientsold\/39.png\" alt=\"\"><\/div>\n<div class=\"to-client\"><img src=\"http:\/\/agence-epoke.fr\/OK\/wp-content\/themes\/mobius\/includes\/clientsold\/40.png\" alt=\"\"><\/div>\n<div class=\"to-client\"><img src=\"http:\/\/agence-epoke.fr\/OK\/wp-content\/themes\/mobius\/includes\/clientsold\/41.png\" alt=\"\"><\/div>\n<div class=\"to-client\"><img src=\"http:\/\/agence-epoke.fr\/OK\/wp-content\/themes\/mobius\/includes\/clientsold\/42.png\" alt=\"\"><\/div>\n<div class=\"to-client\"><img src=\"http:\/\/agence-epoke.fr\/OK\/wp-content\/themes\/mobius\/includes\/clientsold\/43.png\" alt=\"\"><\/div>\n<div class=\"to-client\"><img src=\"http:\/\/agence-epoke.fr\/OK\/wp-content\/themes\/mobius\/includes\/clientsold\/44.png\" alt=\"\"><\/div>\n<div class=\"to-client\"><img src=\"http:\/\/agence-epoke.fr\/OK\/wp-content\/themes\/mobius\/includes\/clientsold\/45.png\" alt=\"\"><\/div>\n<div class=\"to-client\"><img src=\"http:\/\/agence-epoke.fr\/OK\/wp-content\/themes\/mobius\/includes\/clientsold\/46.png\" alt=\"\"><\/div>\n<div class=\"to-client\"><img src=\"http:\/\/agence-epoke.fr\/OK\/wp-content\/themes\/mobius\/includes\/clientsold\/47.png\" alt=\"\"><\/div>\n<div class=\"to-client\"><img src=\"http:\/\/agence-epoke.fr\/OK\/wp-content\/themes\/mobius\/includes\/clientsold\/48.png\" alt=\"\"><\/div>\n<div class=\"to-client\"><img src=\"http:\/\/agence-epoke.fr\/OK\/wp-content\/themes\/mobius\/includes\/clientsold\/49.png\" alt=\"\"><\/div>\n<div class=\"to-client\"><img src=\"http:\/\/agence-epoke.fr\/OK\/wp-content\/themes\/mobius\/includes\/clientsold\/50.png\" alt=\"\"><\/div>\n<div class=\"to-client\"><img src=\"http:\/\/agence-epoke.fr\/OK\/wp-content\/themes\/mobius\/includes\/clientsold\/51.png\" alt=\"\"><\/div>\n<div class=\"to-client\"><img src=\"http:\/\/agence-epoke.fr\/OK\/wp-content\/themes\/mobius\/includes\/clientsold\/52.png\" alt=\"\"><\/div>\n<div class=\"to-client\"><img src=\"http:\/\/agence-epoke.fr\/OK\/wp-content\/themes\/mobius\/includes\/clientsold\/53.png\" alt=\"\"><\/div>\n<div class=\"to-client\"><img src=\"http:\/\/agence-epoke.fr\/OK\/wp-content\/themes\/mobius\/includes\/clientsold\/54.png\" alt=\"\"><\/div>\n<div class=\"to-client\"><img src=\"http:\/\/agence-epoke.fr\/OK\/wp-content\/themes\/mobius\/includes\/clientsold\/55.png\" alt=\"\"><\/div>\n<div class=\"to-client\"><img src=\"http:\/\/agence-epoke.fr\/OK\/wp-content\/themes\/mobius\/includes\/clientsold\/56.png\" alt=\"\"><\/div>\n<div class=\"to-client\"><img src=\"http:\/\/agence-epoke.fr\/OK\/wp-content\/themes\/mobius\/includes\/clientsold\/57.png\" alt=\"\"><\/div>\n<div class=\"to-client\"><img src=\"http:\/\/agence-epoke.fr\/OK\/wp-content\/themes\/mobius\/includes\/clientsold\/58.png\" alt=\"\"><\/div>\n<div class=\"to-client\"><img src=\"http:\/\/agence-epoke.fr\/OK\/wp-content\/themes\/mobius\/includes\/clientsold\/59.png\" alt=\"\"><\/div>\n<div class=\"to-client\"><img src=\"http:\/\/agence-epoke.fr\/OK\/wp-content\/themes\/mobius\/includes\/clientsold\/60.png\" alt=\"\"><\/div>\n<\/div>\n<div class=\"to-spacer \" style=\"height:25px\"><\/div>\n<\/div><\/section>\n<section style=\"background:#ededed\" ><div class=\"section-container\">\n<div class=\"to-spacer \" style=\"height:80px\"><\/div>\n<h2 class=\"txt-center\" >T\u00e9moignages clients &#8230;<\/h2>\n<div class=\"to-testimonial\" data-auto-play=\"false\" data-pagination=\"true\" data-navigation=\"true\">\n<blockquote class=\"to-testimonial-item\"><p >\n\u00a0\u00bb\u00a0Nous travaillons avec l\u2019agence epoke\u00a0depuis plusieurs ann\u00e9es, nous appr\u00e9cions leur professionnalisme, leur cr\u00e9ativit\u00e9 \u00a0et leur r\u00e9activit\u00e9.\u00a0 Nous leur confions la r\u00e9alisation de packaging, d\u2019outil d\u2019aide \u00e0 la vente, et leaflets promotionnels. Nous avons une enti\u00e8re satisfaction dans l\u2019\u00e9quipe.\u00a0\u00bb<\/p><span class=\"to-testimonial-author \">Barbara Rabourdin, <\/span><span class=\"to-testimonial-autor-desc \" style=\"color:#e75113\">Responsable Marketing Tendriade<\/span><\/blockquote>\n<blockquote class=\"to-testimonial-item\"><p >\n\u00ab\u00a0Agence cr\u00e9ative, r\u00e9active, efficiente et proche de ses clients\u00a0\u00bb<\/p><span class=\"to-testimonial-author \">R\u00e9my G\u00e9nin, <\/span><span class=\"to-testimonial-autor-desc \" style=\"color:#e75113\">Dirigeant Premia Assurances<\/span><\/blockquote>\n<blockquote class=\"to-testimonial-item\"><p >\n\u00ab\u00a0Nous travaillons avec l&rsquo;agence Epoke depuis de nombreuses ann\u00e9es\u00a0: beaucoup de s\u00e9rieux et de professionalisme sur tous les dossiers, une grande \u00e9coute de nos besoins et beaucoup de flexibilit\u00e9 de leur part pour tenir compte de nos contraintes\u00a0!\u00a0\u00bb<\/p><span class=\"to-testimonial-author \">C\u00e9cile Benoist, <\/span><span class=\"to-testimonial-autor-desc \" style=\"color:#e75113\">Directrice Marketing \/ Carl Zeiss Vision<\/span><\/blockquote>\n<blockquote class=\"to-testimonial-item\"><p >\n\u00ab\u00a0Faire confiance au savoir-faire de l\u2019\u00e9quipe Epoke c\u2019est l\u2019assurance d\u2019un travail efficace assorti d\u2019une belle cr\u00e9ativit\u00e9. Cette \u00e9quipe a l\u2019art et la mani\u00e8re de cultiver \u00e9coute attentive des attentes et des besoins et r\u00e9ponse adapt\u00e9e par des propositions et des r\u00e9alisations soign\u00e9es. Qu\u2019il s\u2019agisse de cr\u00e9ations graphiques, d\u2019\u00e9ditions ou de publicit\u00e9s\u2026, la Ville de Vitr\u00e9 fait confiance depuis de nombreuses ann\u00e9es \u00e0 cette \u00e9quipe qui aborde tous les projets avec le m\u00eame professionnalisme.\u00a0\u00bb<\/p><span class=\"to-testimonial-author \">Marianne Rufet, <\/span><span class=\"to-testimonial-autor-desc \" style=\"color:#e75113\">Responsable communication, Ville de Vitr\u00e9<\/span><\/blockquote>\n<blockquote class=\"to-testimonial-item\"><p >\n\u00ab\u00a0J&rsquo;ai rencontr\u00e9 Philippe et son \u00e9quipe, \u00e0 un moment o\u00f9 l&rsquo;association des commer\u00e7ants et artisans de la commune d&rsquo;Argentr\u00e9-du-Plessis, \u00e9tait mise en veille. Apr\u00e8s quelques rendez-vous, nous avons propos\u00e9 aux professionnels, un support de communication original. Avec son professionnalisme, Philippe a su mettre en confiance et en fin de s\u00e9ance nous avions r\u00e9activ\u00e9 l&rsquo;association et cr\u00e9er une dynamique que nous cherchions depuis longtemps. Ce sont 18 \u00e9ditions qui ont \u00e9t\u00e9 distribu\u00e9s dans tous les foyers de la commune sur une p\u00e9riode de 3 ans. Un grand merci \u00e0 l&rsquo;\u00e9quipe d&rsquo;Epoke pour leur professionnalisme et leur disponibilit\u00e9.\u00a0\u00bb<\/p><span class=\"to-testimonial-author \">Laurence Raveneau, <\/span><span class=\"to-testimonial-autor-desc \" style=\"color:#e75113\">Pr\u00e9sidente de l'association des commer\u00e7ants et artisans d'Argentr\u00e9-du-Plessis<\/span><\/blockquote>\n<\/div>\n<div class=\"to-spacer \" style=\"height:80px\"><\/div>\n<\/div><\/section>\n","protected":false},"excerpt":{"rendered":"\u00a0\u00a0\u00a0\u00a0\u00a0\u00a0\u00a0\u00a0\u00a0\u00a0\u00a0\u00a0 Qui sommes nous ...L'agence epoke est sp\u00e9cialis\u00e9e dans le design graphique, et travaille directement \u00e0 vos c\u00f4t\u00e9s pour unifier et rafra\u00eechir votre communication visuelle. L'histoire de l'Agence Anciennement appel\u00e9e studio creatys, elle a \u00e9t\u00e9 cr\u00e9\u00e9e en 2004 \u00e0 Vitr\u00e9 (Bretagne, Ille-et-Vilaine) par Philippe M\u00e9haignerie. Depuis 2012 elle r\u00e9unit 3 concepteurs designers de formations compl\u00e9mentaires et d\u2019influences graphiques diverses : Anne-Claire, Philippe et Ronan. Philippe M\u00e9haignerieDirigeant Ronan FrangeulGraphiste \/ Designer T\u00e9moignages clients ... \"\u00a0Nous travaillons avec l\u2019agence epoke\u00a0depuis plusieurs ann\u00e9es, nous appr\u00e9cions leur professionnalisme, leur cr\u00e9ativit\u00e9 \u00a0et leur r\u00e9activit\u00e9.\u00a0 Nous leur confions la r\u00e9alisation de packaging, d\u2019outil d\u2019aide \u00e0 la vente, et leaflets promotionnels. Nous avons une enti\u00e8re satisfaction dans l\u2019\u00e9quipe.\"Barbara Rabourdin, Responsable Marketing Tendriade \"Agence cr\u00e9ative, r\u00e9active, efficiente et proche de ses clients\"R\u00e9my G\u00e9nin, Dirigeant Premia Assurances \"Nous travaillons avec l'agence Epoke depuis de nombreuses ann\u00e9es\u00a0: beaucoup de s\u00e9rieux et de professionalisme sur tous les dossiers, une grande \u00e9coute","protected":false},"author":1,"featured_media":0,"parent":0,"menu_order":0,"comment_status":"open","ping_status":"open","template":"","meta":[],"_links":{"self":[{"href":"http:\/\/agence-epoke.fr\/OK\/index.php?rest_route=\/wp\/v2\/pages\/29"}],"collection":[{"href":"http:\/\/agence-epoke.fr\/OK\/index.php?rest_route=\/wp\/v2\/pages"}],"about":[{"href":"http:\/\/agence-epoke.fr\/OK\/index.php?rest_route=\/wp\/v2\/types\/page"}],"author":[{"embeddable":true,"href":"http:\/\/agence-epoke.fr\/OK\/index.php?rest_route=\/wp\/v2\/users\/1"}],"replies":[{"embeddable":true,"href":"http:\/\/agence-epoke.fr\/OK\/index.php?rest_route=%2Fwp%2Fv2%2Fcomments&post=29"}],"version-history":[{"count":21,"href":"http:\/\/agence-epoke.fr\/OK\/index.php?rest_route=\/wp\/v2\/pages\/29\/revisions"}],"predecessor-version":[{"id":4010,"href":"http:\/\/agence-epoke.fr\/OK\/index.php?rest_route=\/wp\/v2\/pages\/29\/revisions\/4010"}],"wp:attachment":[{"href":"http:\/\/agence-epoke.fr\/OK\/index.php?rest_route=%2Fwp%2Fv2%2Fmedia&parent=29"}],"curies":[{"name":"wp","href":"https:\/\/api.w.org\/{rel}","templated":true}]}}